{"id":13952,"date":"2017-03-26T10:21:49","date_gmt":"2017-03-26T10:21:49","guid":{"rendered":"http:\/\/demo.select-themes.com\/stockholm20\/?page_id=13952"},"modified":"2022-05-20T10:13:30","modified_gmt":"2022-05-20T10:13:30","slug":"dropcaps","status":"publish","type":"page","link":"https:\/\/parkhaus-offenbach.de\/?page_id=13952","title":{"rendered":"Parkhausordnung"},"content":{"rendered":"<section class=\"wpb-content-wrapper\"><p>[vc_row row_type=&#8220;row&#8220; use_row_as_full_screen_section=&#8220;no&#8220; type=&#8220;full_width&#8220; text_align=&#8220;left&#8220; css_animation=&#8220;&#8220;][vc_column][vc_row_inner row_type=&#8220;row&#8220; type=&#8220;full_width&#8220; use_row_as_full_screen_section_slide=&#8220;no&#8220; text_align=&#8220;left&#8220; css_animation=&#8220;&#8220;][vc_column_inner][vc_single_image image=&#8220;22136&#8243; img_size=&#8220;1800&#215;800&#8243; qode_css_animation=&#8220;&#8220;][\/vc_column_inner][\/vc_row_inner][\/vc_column][\/vc_row][vc_row row_type=&#8220;row&#8220; use_row_as_full_screen_section=&#8220;no&#8220; type=&#8220;full_width&#8220; text_align=&#8220;left&#8220; css_animation=&#8220;&#8220;][vc_column][vc_column_text]<strong>Bedingungen f\u00fcr die Benutzung des Parkhauses <\/strong><\/p>\n<p><strong>Parkhaus Offenbach &#8211; Waldstra\u00dfe<\/strong><\/p>\n<p>&nbsp;<\/p>\n<p><strong>PARKHAUSORDNUNG<\/strong><\/p>\n<p>&nbsp;<\/p>\n<p>&nbsp;<\/p>\n<ul>\n<li><strong>Allgemein<\/strong><\/li>\n<\/ul>\n<ol>\n<li>Die Einstellung von Fahrzeugen ist nur gegen Zahlung der an der Einfahrt ausgewiesenen Geb\u00fchr zul\u00e4ssig.<\/li>\n<li>Mit Einstellung eines Kraftfahrzeuges kommt ein Mietvertrag zwischen der KRAFTBAU GmbH und dem Mieter \u00fcber einen Kfz &#8211; Stellplatz zustande.<\/li>\n<li>Die nachstehenden Bedingungen gelten als Bestandteil des abgeschlossenen Mietvertrages. Der Mieter ist verpflichtet, die Parkhausordnung zu beachten.<\/li>\n<li>Bewachung, \u00dcberwachung, Verwahrung und die Gew\u00e4hrung von Versicherungsschutz sind nicht Gegenstand dieses Vertrages.<\/li>\n<li>Der Aufenthalt in der Parkgarage ist nur zum Abstellen bzw. Abholen des Kfz gestattet. Der Aufenthalt unberechtigter Personen ist untersagt.<\/li>\n<\/ol>\n<p><strong>\u00a0<\/strong><\/p>\n<ul>\n<li><strong>Haftung des Parkhauseigent\u00fcmers<\/strong><\/li>\n<\/ul>\n<ol>\n<li>Wir bewachen oder verwahren Ihr Fahrzeug nicht! Wir haften daher nicht f\u00fcr Verlust Ihres Fahrzeuges. Die Kfz-Einstellung erfolgt auf eigene Gefahr des Mieters. Ein Versicherungsschutz besteht nicht.<\/li>\n<li>Die Kraftbau GmbH haftet bei Vorsatz oder grober Fahrl\u00e4ssigkeit f\u00fcr Verletzungen von Leben, K\u00f6rper oder Gesundheit uneingeschr\u00e4nkt. Im \u00dcbrigen &#8211; sofern nicht Vorsatz oder grobe Fahrl\u00e4ssigkeit vorliegt &#8211; haftet die Kraftbau GmbH nur im Rahmen der von ihr abgeschlossenen Betriebshaftpflichtversicherung f\u00fcr durch eigenes Verschulden oder Verschulden ihres gesetzlichen Vertreters oder ihrer Erf\u00fcllungsgehilfen verursachte Sch\u00e4den am Kfz bis zum H\u00f6chstbetrag von<\/li>\n<\/ol>\n<p>20.000, &#8211; \u20ac. Der Mieter ist verpflichtet, einen solchen Schaden unverz\u00fcglich, offensichtliche Sch\u00e4den jedenfalls vor Verlassen der Parkgarage anzuzeigen, anderenfalls sind etwaige Anspr\u00fcche der Mieter verwirkt.<\/p>\n<ol start=\"3\">\n<li>Die Haftung der Kraftbau GmbH entf\u00e4llt bei\n<ol>\n<li>Sch\u00e4den infolge Abhandenkommens des Einsteilnachweises. Nichtbeachtung der Einstellbedingungen, insbesondere Verst\u00f6\u00dfen gegen Verkehrs -und beh\u00f6rdliche Vorschriften.<\/li>\n<li>Sch\u00e4den, die unmittelbar oder mittelbar durch kriegerische Ereignisse, h\u00f6here Gewalt Witterungseinfl\u00fcsse, Streik, innere Unruhen, Pl\u00fcnderung oder beh\u00f6rdliche Verf\u00fcgungen entstehen.<\/li>\n<\/ol>\n<\/li>\n<li>Die Kraftbau GmbH haftet nicht f\u00fcr durch Dritte verursachte Sch\u00e4den, wie z. B. f\u00fcr die Entwendung von Inhalt und Ladung sowie die Sachbesch\u00e4digung des Kfz.<\/li>\n<li>Der Mieter haftet f\u00fcr alle durch ihn selbst, seine Angestellten, Beauftragten oder Begleitpersonen der Kraftbau GmbH zugef\u00fcgten Sch\u00e4den oder Verunreinigungen. Er hat diese unverz\u00fcglich der Kraftbau GmbH mitzuteilen.<\/li>\n<\/ol>\n<p>&nbsp;<\/p>\n<ul>\n<li><strong>Verkehrsbestimmungen in der Parkgarage<\/strong><\/li>\n<\/ul>\n<ol>\n<li>In der Parkgarage gilt die StVO. Die zul\u00e4ssige H\u00f6chstgeschwindigkeit ist 10 km\/h. Den Anweisungen des Personals der Kraftbau GmbH ist Folge zu leisten.<\/li>\n<li>Es d\u00fcrfen nur zum \u00f6ffentlichen Verkehr zugelassene Kraftfahrzeuge bis 2,5 t Gesamtgewicht eingestellt werden.<\/li>\n<li>Der Benutzer kann &#8211; sofern ihm vom Parkhauspersonal kein bestimmter Abstellplatz zugewiesen wird &#8211; unter den freien Pl\u00e4tzen einen Abstellplatz w\u00e4hlen. Der Benutzer hat sein Fahrzeug auf dem markierten Platz abzustellen, und zwar so, dass jederzeit das ungehinderte Ein- und Aussteigen, auch auf den benachbarten Abstellpl\u00e4tzen m\u00f6glich ist.<\/li>\n<li>Wenn mehr als ein Standplatz in Anspruch genommen wird, so ist doppelte Geb\u00fchr zu zahlen.<\/li>\n<li>Die Fahrwege sind freizuhalten.<\/li>\n<li>Das abgestellte Fahrzeug ist sorgf\u00e4ltig abzuschlie\u00dfen und verkehrs\u00fcblich zu sichern.<\/li>\n<li>Im \u00dcbrigen gelten alle einschl\u00e4gigen gesetzlichen Vorschriften z.B. \u00fcber Miete, Stra\u00dfenverkehrsrecht, Umwelt- und Feuerschutz.<\/li>\n<li>Im Parkhaus ist insbesondere verboten:\n<ol>\n<li>Das Rauchen und die Verwendung von Feuer oder offenem Licht,<\/li>\n<li>die Lagerung von Betriebsstoffen, von leeren Betriebsstoffbeh\u00e4ltern sowie von feuergef\u00e4hrlichen Gegenst\u00e4nden, Entleeren von Aschenbechern und anderen Abfallen<\/li>\n<li>Arbeiten am Kfz gleich welcher Art einschlie\u00dflich der Betankung, Fahrzeuge zu waschen oder von innen zu reinigen sowie K\u00fchlwasser, Kraftstoffe und \u00d6le abzulassen das unn\u00f6tige Laufenlassen und Ausprobieren der Motoren,<\/li>\n<li>das Hupen und sonstige eventuelle Bel\u00e4stigungen durch vermeidbare Ger\u00e4usche<\/li>\n<li>die Einstellung von Fahrzeugen mit undichtem Tank oder Vergaser sowie mit undichten Kraftstoffleitungen oder -beh\u00e4ltern.<\/li>\n<li>Der Aufenthalt zu anderen Zwecken als der Fahrzeugeinstellung und -abholung sowie des Be- und Entladens ist nicht gestattet.<\/li>\n<li>Unberechtigtes Abstellen von Kfz au\u00dferhalb der Stellplatzmarkierungen wie z. B. als reserviert gekennzeichneten Stellpl\u00e4tzen oder auf schraffierten Fl\u00e4chen, im Fahrbahnbereich, auf zwei Stellpl\u00e4tzen, vor Notausg\u00e4ngen, auf Behindertenparkpl\u00e4tzen.<\/li>\n<\/ol>\n<\/li>\n<\/ol>\n<p>&nbsp;<\/p>\n<p>&nbsp;<\/p>\n<ul>\n<li><strong>Haftung des Benutzers<\/strong><\/li>\n<\/ul>\n<p>Der Benutzer haftet f\u00fcr alle durch ihn selbst, sein Handeln, seine Angestellten, seine Beauftragten oder seine Begleitpersonen gegen\u00fcber dem Parkhaus oder gegen\u00fcber Dritten verursachten Sch\u00e4den. Er ist verpflichtet, die angerichteten Sch\u00e4den unverz\u00fcglich anzuzeigen.<\/p>\n<p><strong><u>\u00a0<\/u><\/strong><\/p>\n<ul>\n<li><strong>Parkgeb\u00fchr \u2013 Parkdauer<\/strong><\/li>\n<\/ul>\n<ol>\n<li>\u00d6ffnungszeiten der Parkgarage und die Tarife f\u00fcr die Benutzung sind aus der aush\u00e4ngenden Tarif\u00fcbersicht ersichtlich.<\/li>\n<li>Durch die vorzeitige R\u00fcckgabe einer Dauerparkkarte entsteht kein Anspruch auf zeitanteilige R\u00fcckerstattung.<\/li>\n<li>Die zul\u00e4ssige H\u00f6chstparkdauer f\u00fcr Kurzparker betr\u00e4gt 1 Monat.<\/li>\n<\/ol>\n<p>&nbsp;<\/p>\n<ul>\n<li><strong>Entfernung &#8211; Verwertung des Fahrzeuges aus der Parkgarage in besonderen F\u00e4llen<\/strong><\/li>\n<\/ul>\n<p>Die KRAFTBAU GmbH kann auf Kosten und Gefahr des Benutzers das Fahrzeug aus dem Parkhaus abschleppen lassen, oder Fahrzeuge mit Radknaller sperren, wenn<\/p>\n<ol>\n<li>das eingestellte Fahrzeug durch undichten Tank oder Vergaser oder durch andere M\u00e4ngel den Betrieb des Parkhauses gef\u00e4hrdet<\/li>\n<li>das eigenstelle Fahrzeug den Betrieb wesentlich behindert, z. B. durch verkehrswidriges Parken, insbesondere bei Parken im Ein- und Ausfahrtsbereich, beim Parken auf einem Stellplatz, der f\u00fcr Dauermieter oder f\u00fcr Schwerbehinderte gekennzeichnet ist und beim Parken au\u00dferhalb der Stellplatzmarkierungen<\/li>\n<li>das Fahrzeug polizeilich\/amtlich nicht zugelassen ist oder w\u00e4hrend der Einstellungszeit durch die Polizei aus dem Verkehr gezogen wird,<\/li>\n<li>ein Fahrzeug gegen die Vorschriften abgestellt ist.<\/li>\n<li>eine missbr\u00e4uchliche Nutzung vorliegt.<\/li>\n<\/ol>\n<p>&nbsp;<\/p>\n<ul>\n<li><strong>Dauerparkkarten und Dauerkunden<\/strong>\n<ol>\n<li>Die Dauerparkkarte wird durch das Computersystem automatisch verwaltet.<\/li>\n<li>Ohne die Dauerparkkarte bei sich zu haben, hat der Dauerparkkartenbesitzer keinen Anspruch auf Dauerparkkundenrechte. Wenn Sie Ihre Dauerparkkarte vergessen haben, k\u00f6nnen Sie unser Parkhaus auch als regul\u00e4rer Kunde benutzen.<\/li>\n<li>Die Dauerparkkarte ist nicht \u00fcbertragbar.<\/li>\n<li>Die Dauerparkkarten d\u00fcrfen nur f\u00fcr bei uns angemeldete Autos und mit gemeldeten Kennzeichen benutzt werden.<\/li>\n<li>F\u00fcr 1 Dauerkarte d\u00fcrfen h\u00f6chstens 2 Autokennzeichen eingetragen werden.<\/li>\n<li>Dauerkarte gleichzeitig nur f\u00fcr 1 Auto benutzbar.<\/li>\n<li>Eine freie Schranken\u00f6ffnung wird nicht stattfinden! Aus dieses Gr\u00fcnden bitten wir Sie, an eine rechtzeitige Verl\u00e4ngerung Ihrer Dauerparkkarte zu denken, auch hier werden wir keine Erstattungen, Freischaltungen oder Schranken\u00f6ffnungen vornehmen!<\/li>\n<\/ol>\n<\/li>\n<\/ul>\n<p><strong>\u00a0<\/strong><\/p>\n<ul>\n<li><strong>Pfandrechte<\/strong><\/li>\n<\/ul>\n<p>F\u00fcr alle Forderungen aus den Mietvertr\u00e4gen stehen der KRAFTBAU GmbH ein Zur\u00fcckhaltungsrecht, sowie ein gesetzliches Pfandrecht an dem eingestellten Fahrzeug und dessen Zubeh\u00f6r zu. Befindet sich der Mieter l\u00e4nger als zwei Wochen mit dem Ausgleich der Forderungen der KRAFTBAU GmbH in Verzug und\/oder kann der Halter \/Mieter nicht ermittelt werden, so kann die KRAFTBAU GmbH die Pfandverwertung fr\u00fchestens 2 Wochen nach deren Androhung vornehmen.<\/p>\n<p><strong>\u00a0<\/strong><\/p>\n<ul>\n<li><strong><u>Verlorenes Parkmedium und Rechnungsstellung<\/u><\/strong><\/li>\n<\/ul>\n<ol>\n<li>Unserem Personal ist es nicht gestattet, ein verlorenes Parkmedium durch das Kamera\u00fcberwachungssystem usw. zu suchen. Bei Verlust des Parkmediums ist nach aush\u00e4ngender Tarif\u00fcbersicht Bezahlung zu leisten. Nach Bezahlung ist die Ausfahrt m\u00f6glich!<\/li>\n<li>Bei Verlust des Chips\/Dauerkarte bekommt der Mieter erst nach Zahlung einen neuen Chip\/Dauerkarte zu den vorher gebuchten Konditionen.<\/li>\n<li>Kann der Parktarif vor Verlassen der Parkgarage nicht oder nicht vollst\u00e4ndig entrichtet werden, so ist vom Mieter \u00fcber die Notrufanlagen Kontakt mit der Kraftbau GmbH aufzunehmen. Anschlie\u00dfend wird das weitere Vorgehen koordiniert.<\/li>\n<li>Das Personal des Vermieters ist in beiden F\u00e4llen berechtigt, eine Legitimation durch Vorlage der Zulassungsbescheinigung Teil 1 und eines Personalausweises zu verlangen.<\/li>\n<\/ol>\n<p>&nbsp;<\/p>\n<ul>\n<li><strong><u>Gerichtsstand<\/u><\/strong><\/li>\n<\/ul>\n<p>Gerichtsstand f\u00fcr alle Rechtsstreitigkeiten aus diesem Vertrag ist Offenbach am Main.<\/p>\n<p><strong><u>\u00a0<\/u><\/strong><\/p>\n<ul>\n<li><strong><u>Datenschutz<\/u><\/strong><\/li>\n<\/ul>\n<p>Die Kraftbau GmbH erhebt, speichert und verarbeitet die Daten von Dauerparkern unter den Voraussetzungen des Bundesdatenschutzgesetzes ausschlie\u00dflich zur Erf\u00fcllung des mit dem Dauerparker geschlossenen Vertrages. Durch das Kameraerkennungssystem gespeicherte Daten werden nur zum Zwecke der Ein- und Ausfahrt benutzt und wird nur in einen internen Server gespeichert. Eine Weitergabe von Daten an Dritte erfolgt nicht.<\/p>\n<p>In ticketlosen Parkh\u00e4usern und Tiefgaragen ist die Erfassung des Kfz-Kennzeichens gem\u00e4\u00df Art.6 Abs. 1 lit. b DSGVO zur Erf\u00fcllung eines Vertrages erforderlich. Wir verarbeiten das Kfz-Kennzeichen auch aufgrund unseres berechtigten Interesses gem\u00e4\u00df Art 6 Abs. 1 lit. f DSGVO sowie \u00a7 4 BDSG zur Wahrung des Hausrechtes sowie zur Beweissicherung.<\/p>\n<p>&nbsp;<\/p>\n<p>Die Daten Ihres Kfz-Kennzeichens werden gem\u00e4\u00df der Datenschutzgrundverordnung (DSGVO) bei der Erfassung automatisch codiert. Automatisiert erfasste Daten werden nach Erf\u00fcllung der gegenseitigen vertraglichen Verpflichtungen, d.h. im Normalfall beim Verlassen des Parkhauses oder der Tiefgarage unverz\u00fcglich gel\u00f6scht. Zur Einhaltung der DSGVO unterliegen wir der Aufsicht der Datenschutzbeh\u00f6rde des Landes Hessen.<\/p>\n<p><strong>\u00a0<\/strong><\/p>\n<p><strong><u>\u00a0<\/u><\/strong><\/p>\n<p>&nbsp;<\/p>\n<p><strong>Eigent\u00fcmer:\u00a0\u00a0\u00a0\u00a0\u00a0\u00a0\u00a0\u00a0\u00a0\u00a0\u00a0\u00a0\u00a0\u00a0\u00a0\u00a0\u00a0\u00a0\u00a0\u00a0\u00a0\u00a0\u00a0\u00a0\u00a0\u00a0\u00a0\u00a0\u00a0\u00a0\u00a0\u00a0\u00a0\u00a0\u00a0\u00a0\u00a0\u00a0\u00a0\u00a0\u00a0\u00a0\u00a0\u00a0\u00a0\u00a0\u00a0\u00a0\u00a0\u00a0\u00a0\u00a0\u00a0\u00a0\u00a0\u00a0\u00a0\u00a0\u00a0\u00a0\u00a0\u00a0\u00a0\u00a0\u00a0\u00a0\u00a0\u00a0\u00a0\u00a0\u00a0\u00a0\u00a0\u00a0\u00a0\u00a0\u00a0\u00a0\u00a0\u00a0\u00a0\u00a0\u00a0\u00a0 <\/strong>www.parkhaus-offenbach.de<\/p>\n<p>KRAFTBAU GmbH\u00a0\u00a0\u00a0\u00a0\u00a0\u00a0\u00a0\u00a0\u00a0\u00a0\u00a0\u00a0\u00a0\u00a0\u00a0\u00a0\u00a0\u00a0\u00a0\u00a0\u00a0\u00a0\u00a0\u00a0\u00a0\u00a0\u00a0\u00a0\u00a0\u00a0\u00a0\u00a0\u00a0\u00a0\u00a0\u00a0\u00a0\u00a0\u00a0\u00a0\u00a0\u00a0\u00a0\u00a0\u00a0\u00a0\u00a0\u00a0\u00a0\u00a0\u00a0\u00a0\u00a0\u00a0\u00a0\u00a0\u00a0\u00a0\u00a0\u00a0\u00a0\u00a0\u00a0\u00a0\u00a0\u00a0\u00a0\u00a0\u00a0\u00a0\u00a0\u00a0\u00a0 info@parkhaus-offenbach.de<\/p>\n<p>Waldstra\u00dfe 44\u00a0\u00a0\u00a0\u00a0\u00a0\u00a0\u00a0\u00a0\u00a0\u00a0\u00a0\u00a0\u00a0\u00a0\u00a0\u00a0\u00a0\u00a0\u00a0\u00a0\u00a0\u00a0\u00a0\u00a0\u00a0\u00a0\u00a0\u00a0\u00a0\u00a0\u00a0\u00a0\u00a0\u00a0\u00a0\u00a0\u00a0\u00a0\u00a0\u00a0\u00a0\u00a0\u00a0\u00a0\u00a0\u00a0\u00a0\u00a0\u00a0\u00a0\u00a0\u00a0\u00a0\u00a0\u00a0\u00a0\u00a0\u00a0\u00a0\u00a0\u00a0\u00a0\u00a0\u00a0\u00a0 \u00a0\u00a0\u00a0\u00a0\u00a0\u00a0\u00a0\u00a0\u00a0\u00a0\u00a0\u00a0\u00a0\u00a0\u00a0 0176-21111198<\/p>\n<p>63065 Offenbach am Main\u00a0\u00a0\u00a0\u00a0\u00a0\u00a0\u00a0\u00a0\u00a0\u00a0\u00a0\u00a0\u00a0\u00a0\u00a0\u00a0\u00a0\u00a0\u00a0\u00a0\u00a0\u00a0\u00a0\u00a0\u00a0\u00a0\u00a0\u00a0\u00a0\u00a0\u00a0\u00a0\u00a0\u00a0\u00a0\u00a0\u00a0\u00a0\u00a0\u00a0\u00a0\u00a0\u00a0\u00a0\u00a0\u00a0\u00a0\u00a0\u00a0\u00a0\u00a0\u00a0\u00a0\u00a0\u00a0\u00a0 069-8484 2299[\/vc_column_text][\/vc_column][\/vc_row]<\/p>\n<\/section>","protected":false},"excerpt":{"rendered":"<p>[vc_row row_type=&#8220;row&#8220; use_row_as_full_screen_section=&#8220;no&#8220; type=&#8220;full_width&#8220; text_align=&#8220;left&#8220; css_animation=&#8220;&#8220;][vc_column][vc_row_inner row_type=&#8220;row&#8220; type=&#8220;full_width&#8220; use_row_as_full_screen_section_slide=&#8220;no&#8220; text_align=&#8220;left&#8220; css_animation=&#8220;&#8220;][vc_column_inner][vc_single_image image=&#8220;22136&#8243; img_size=&#8220;1800&#215;800&#8243; qode_css_animation=&#8220;&#8220;][\/vc_column_inner][\/vc_row_inner][\/vc_column][\/vc_row][vc_row row_type=&#8220;row&#8220; use_row_as_full_screen_section=&#8220;no&#8220; type=&#8220;full_width&#8220; text_align=&#8220;left&#8220; css_animation=&#8220;&#8220;][vc_column][vc_column_text]Bedingungen f\u00fcr die Benutzung des Parkhauses Parkhaus Offenbach &#8211; Waldstra\u00dfe &nbsp; PARKHAUSORDNUNG &nbsp; &nbsp; Allgemein Die Einstellung von Fahrzeugen ist nur gegen Zahlung der an der Einfahrt&#8230;<\/p>\n","protected":false},"author":2,"featured_media":0,"parent":0,"menu_order":0,"comment_status":"open","ping_status":"open","template":"full_width.php","meta":{"footnotes":""},"class_list":["post-13952","page","type-page","status-publish","hentry"],"_links":{"self":[{"href":"https:\/\/parkhaus-offenbach.de\/index.php?rest_route=\/wp\/v2\/pages\/13952","targetHints":{"allow":["GET"]}}],"collection":[{"href":"https:\/\/parkhaus-offenbach.de\/index.php?rest_route=\/wp\/v2\/pages"}],"about":[{"href":"https:\/\/parkhaus-offenbach.de\/index.php?rest_route=\/wp\/v2\/types\/page"}],"author":[{"embeddable":true,"href":"https:\/\/parkhaus-offenbach.de\/index.php?rest_route=\/wp\/v2\/users\/2"}],"replies":[{"embeddable":true,"href":"https:\/\/parkhaus-offenbach.de\/index.php?rest_route=%2Fwp%2Fv2%2Fcomments&post=13952"}],"version-history":[{"count":21,"href":"https:\/\/parkhaus-offenbach.de\/index.php?rest_route=\/wp\/v2\/pages\/13952\/revisions"}],"predecessor-version":[{"id":22243,"href":"https:\/\/parkhaus-offenbach.de\/index.php?rest_route=\/wp\/v2\/pages\/13952\/revisions\/22243"}],"wp:attachment":[{"href":"https:\/\/parkhaus-offenbach.de\/index.php?rest_route=%2Fwp%2Fv2%2Fmedia&parent=13952"}],"curies":[{"name":"wp","href":"https:\/\/api.w.org\/{rel}","templated":true}]}}