{"id":20631,"date":"2017-03-26T07:52:09","date_gmt":"2017-03-26T07:52:09","guid":{"rendered":"http:\/\/demo.select-themes.com\/stockholm2\/?page_id=20631"},"modified":"2024-10-07T07:48:39","modified_gmt":"2024-10-07T07:48:39","slug":"home-business","status":"publish","type":"page","link":"https:\/\/parkhaus-offenbach.de\/","title":{"rendered":"Home"},"content":{"rendered":"<section class=\"wpb-content-wrapper\"><p>[vc_row row_type=&#8220;row&#8220; use_row_as_full_screen_section=&#8220;no&#8220; type=&#8220;full_width&#8220; text_align=&#8220;left&#8220; background_color=&#8220;#ffffff&#8220; css_animation=&#8220;&#8220;][vc_column][vc_row_inner row_type=&#8220;row&#8220; type=&#8220;grid&#8220; use_row_as_full_screen_section_slide=&#8220;no&#8220; text_align=&#8220;left&#8220; background_color=&#8220;#ffffff&#8220; padding_top=&#8220;70&#8243; padding_bottom=&#8220;65&#8243; css_animation=&#8220;&#8220;][vc_column_inner][vc_column_text]<\/p>\n<h2 style=\"text-align: center;\">Preiswert Parken, mitten in der City !<\/h2>\n<p>[\/vc_column_text][vc_column_text]<\/p>\n<h2 style=\"text-align: center;\">Preiswert Parken, mitten in der City !<\/h2>\n<p>[\/vc_column_text][vc_separator type=&#8220;transparent&#8220; border_style=&#8220;&#8220; up=&#8220;35&#8243; down=&#8220;0&#8243;][vc_column_text]<strong>Unser Parkhaus hat 24 Stunden ge\u00f6ffnet und ist 24 Stunden video\u00fcberwacht.<\/strong><\/p>\n<p><strong>\u00a0<\/strong><\/p>\n<p><strong>Unser Parkhaus ist hell, \u00fcbersichtlich, mit breiten Ein- und Ausfahrten, extra breiten<\/strong><strong> Parkpl\u00e4tzen auf allen Etagen, hellen, sauberen Treppenh\u00e4usern und extra ausgewiesenen Frauenparkpl\u00e4tzen.<\/strong><\/p>\n<p><strong>Alle Etagen sind mit Aufz\u00fcgen bequem erreichbar. Die beiden Kassenautomaten und der Zugang zu den Aufz\u00fcgen befinden sich im gro\u00dfz\u00fcgigen Eingangsbereich in der Bismarckstra\u00dfe 79.<\/strong><\/p>\n<p><strong>Die Resonanz unserer Kunden ist ausschlie\u00dflich positiv.<\/strong><\/p>\n<p><strong>\u00a0<\/strong><\/p>\n<p><strong>Da unser Parkhaus in kurzer Entfernung (300m) zum Hauptbahnhof liegt, bietet sich die die optimale M\u00f6glichkeit f\u00fcr Park&amp;Ride an.<\/strong>[\/vc_column_text][\/vc_column_inner][\/vc_row_inner][\/vc_column][\/vc_row][vc_row row_type=&#8220;row&#8220; use_row_as_full_screen_section=&#8220;no&#8220; type=&#8220;full_width&#8220; text_align=&#8220;left&#8220; background_color=&#8220;#f5f5f5&#8243; css_animation=&#8220;&#8220;][vc_column][vc_row_inner row_type=&#8220;row&#8220; type=&#8220;full_width&#8220; use_row_as_full_screen_section_slide=&#8220;no&#8220; text_align=&#8220;left&#8220; css_animation=&#8220;&#8220;][vc_column_inner width=&#8220;1\/3&#8243;][vc_single_image image=&#8220;21765&#8243; img_size=&#8220;600&#215;600&#8243; qode_css_animation=&#8220;&#8220;][vc_empty_space][\/vc_column_inner][vc_column_inner width=&#8220;1\/3&#8243;][vc_single_image image=&#8220;21768&#8243; img_size=&#8220;600&#215;600&#8243; qode_css_animation=&#8220;&#8220;][vc_empty_space][\/vc_column_inner][vc_column_inner width=&#8220;1\/3&#8243;][vc_single_image image=&#8220;21764&#8243; img_size=&#8220;600&#215;600&#8243; qode_css_animation=&#8220;&#8220;][vc_empty_space][\/vc_column_inner][\/vc_row_inner][vc_row_inner row_type=&#8220;row&#8220; type=&#8220;full_width&#8220; use_row_as_full_screen_section_slide=&#8220;no&#8220; text_align=&#8220;left&#8220; css_animation=&#8220;&#8220;][vc_column_inner width=&#8220;1\/3&#8243;][vc_empty_space][\/vc_column_inner][vc_column_inner width=&#8220;1\/3&#8243;][vc_empty_space][\/vc_column_inner][vc_column_inner width=&#8220;1\/3&#8243;][vc_empty_space][\/vc_column_inner][\/vc_row_inner][\/vc_column][\/vc_row][vc_row row_type=&#8220;row&#8220; use_row_as_full_screen_section=&#8220;no&#8220; type=&#8220;full_width&#8220; text_align=&#8220;left&#8220; css_animation=&#8220;&#8220;][vc_column][vc_row_inner row_type=&#8220;row&#8220; type=&#8220;full_width&#8220; use_row_as_full_screen_section_slide=&#8220;no&#8220; text_align=&#8220;left&#8220; css_animation=&#8220;&#8220;][vc_column_inner][vc_gallery interval=&#8220;5&#8243; images=&#8220;22136,21812,21790,21791,21799,21800,21801,21802,21798,21803,21816,21814,21817,21818,21819,21820&#8243; img_size=&#8220;900&#215;500&#8243; onclick=&#8220;&#8220;][vc_empty_space height=&#8220;20px&#8220;][\/vc_column_inner][\/vc_row_inner][vc_column_text]<\/p>\n<h2 class=\"zo-heading-main\">Haben Sie Fragen?<\/h2>\n<div class=\"zo-heading-sub\">Wenn Sie Fragen zu unseren Leistungen und Angeboten haben, k\u00f6nnen Sie unser Kontaktformular nutzen. Wir werden uns dann umgehend bei Ihnen melden.<\/div>\n<p>[\/vc_column_text]<div class=\"call_to_action normal\" style=\"background-color: #f5f5f5;\"><div class=\"container_inner\"><div class=\"two_columns_75_25 clearfix\"><div class=\"text_wrapper column1\"><div class=\"call_to_action_text\" style=\"\"><\/p>\n<div id=\"zo-heading\" class=\"zo-heading-wraper template-zo_heading\"><\/div>\n<p><\/div><\/div><div class=\"button_wrapper column2\"><a href=\"http:\/\/parkhaus-offenbach.de\/?page_id=18918\" class=\"qbutton big_large\" target=\"_self\" style=\"color:#ffffff;border-color:#393939;background-color: #003399;\" data-hover-background-color=#a7a6a6  data-hover-border-color=#a7a6a6  data-hover-color=#ffffff>KONTAKTIEREN SIE UNS<\/a><\/div><\/div><\/div><\/div>[\/vc_column][vc_column][\/vc_column][\/vc_row]<\/p>\n<\/section>","protected":false},"excerpt":{"rendered":"<p>[vc_row row_type=&#8220;row&#8220; use_row_as_full_screen_section=&#8220;no&#8220; type=&#8220;full_width&#8220; text_align=&#8220;left&#8220; background_color=&#8220;#ffffff&#8220; css_animation=&#8220;&#8220;][vc_column][vc_row_inner row_type=&#8220;row&#8220; type=&#8220;grid&#8220; use_row_as_full_screen_section_slide=&#8220;no&#8220; text_align=&#8220;left&#8220; background_color=&#8220;#ffffff&#8220; padding_top=&#8220;70&#8243; padding_bottom=&#8220;65&#8243; css_animation=&#8220;&#8220;][vc_column_inner][vc_column_text] Preiswert Parken, mitten in der City ! [\/vc_column_text][vc_column_text] Preiswert Parken, mitten in der City ! [\/vc_column_text][vc_separator type=&#8220;transparent&#8220; border_style=&#8220;&#8220; up=&#8220;35&#8243; down=&#8220;0&#8243;][vc_column_text]Unser Parkhaus hat 24 Stunden ge\u00f6ffnet und ist 24 Stunden video\u00fcberwacht&#8230;.<\/p>\n","protected":false},"author":2,"featured_media":0,"parent":21647,"menu_order":0,"comment_status":"open","ping_status":"open","template":"full_width.php","meta":{"footnotes":""},"class_list":["post-20631","page","type-page","status-publish","hentry"],"_links":{"self":[{"href":"https:\/\/parkhaus-offenbach.de\/index.php?rest_route=\/wp\/v2\/pages\/20631","targetHints":{"allow":["GET"]}}],"collection":[{"href":"https:\/\/parkhaus-offenbach.de\/index.php?rest_route=\/wp\/v2\/pages"}],"about":[{"href":"https:\/\/parkhaus-offenbach.de\/index.php?rest_route=\/wp\/v2\/types\/page"}],"author":[{"embeddable":true,"href":"https:\/\/parkhaus-offenbach.de\/index.php?rest_route=\/wp\/v2\/users\/2"}],"replies":[{"embeddable":true,"href":"https:\/\/parkhaus-offenbach.de\/index.php?rest_route=%2Fwp%2Fv2%2Fcomments&post=20631"}],"version-history":[{"count":71,"href":"https:\/\/parkhaus-offenbach.de\/index.php?rest_route=\/wp\/v2\/pages\/20631\/revisions"}],"predecessor-version":[{"id":22288,"href":"https:\/\/parkhaus-offenbach.de\/index.php?rest_route=\/wp\/v2\/pages\/20631\/revisions\/22288"}],"up":[{"embeddable":true,"href":"https:\/\/parkhaus-offenbach.de\/index.php?rest_route=\/wp\/v2\/pages\/21647"}],"wp:attachment":[{"href":"https:\/\/parkhaus-offenbach.de\/index.php?rest_route=%2Fwp%2Fv2%2Fmedia&parent=20631"}],"curies":[{"name":"wp","href":"https:\/\/api.w.org\/{rel}","templated":true}]}}